{"id":9,"date":"2023-11-13T13:24:07","date_gmt":"2023-11-13T12:24:07","guid":{"rendered":"https:\/\/climariskfor.tuzvo.sk\/?page_id=9"},"modified":"2023-11-14T10:10:30","modified_gmt":"2023-11-14T09:10:30","slug":"charakteristika-projektu","status":"publish","type":"page","link":"https:\/\/climariskfor.tuzvo.sk\/","title":{"rendered":"Charakteristika"},"content":{"rendered":"\n<p>Prebiehaj\u00faca klimatick\u00e1 zmena ovplyv\u0148uje v\u0161etky hospod\u00e1rske procesy v lesn\u00edctve a z\u00e1rove\u0148 aj v priemysle spracovania dreva ktor\u00fd je na v\u00fdstupoch lesn\u00edctva priamo z\u00e1visl\u00fd. Predlo\u017een\u00fd projekt sa zameriava na v\u00fdskum aktu\u00e1lnych ekonomick\u00fdch probl\u00e9mov spojen\u00fdch so zvy\u0161uj\u00facim sa \u0161pecifick\u00fdm rizikom v\u00fdskytu ni\u010div\u00fdch pr\u00edrodn\u00fdch \u017eivlov a ich dopadu na lesn\u00edctvo a drev\u00e1rstvo Slovenska. Zvl\u00e1dnutie rast\u00faceho \u0161pecifick\u00e9ho rizika hospod\u00e1renia na lesnej p\u00f4de vy\u017eaduje jeho d\u00f4kladn\u00fa anal\u00fdzu vo vz\u0165ahu k tvorbe hrub\u00e9ho dom\u00e1ceho produktu (HDP) v lesn\u00edctve ako aj v produkcii tovarov medzispotreby a fin\u00e1lnej spotreby v samotnom priemysle spracovania dreva. Vedeck\u00fdm cie\u013eom predlo\u017een\u00e9ho projektu je d\u00f4kladn\u00fd opis vz\u0165ahov a v\u00e4zieb medzi pr\u00edrodn\u00fdmi procesmi ktor\u00e9 prebiehaj\u00fa v lesn\u00fdch ekosyst\u00e9moch a hospod\u00e1rskymi procesmi ktor\u00e9 prebiehaj\u00fa medzi lesn\u00edctvom a drev\u00e1rstvom ako spolo\u010densk\u00fdch syst\u00e9moch v pr\u00edtomnosti \u0161pecifick\u00e9ho rizika hospod\u00e1renia. Postupy v\u00fdskumu v projekte s\u00fa zalo\u017een\u00e9 na aplik\u00e1cii objekt\u00edvnych met\u00f3d pozit\u00edvnej ekon\u00f3mie na probl\u00e9my anal\u00fdz a modelovania hospod\u00e1rskych\u00a0procesov a vz\u00e1jomn\u00fdch vz\u0165ahov obidvoch odvetv\u00ed. Z\u00e1kladn\u00fdm metodick\u00fdm n\u00e1strojom na dosiahnutie vedeck\u00fdch cie\u013eov projektu s\u00fa postupy \u0161tatistickej anal\u00fdzy rizika v\u00fdskytu jednotliv\u00fdch pr\u00edrodn\u00fdch \u017eivlov na lesnej p\u00f4de a v priemysle spracovania dreva, ako aj princ\u00edpy ekonometrick\u00e9ho modelovania vz\u00e1jomn\u00fdch vz\u0165ahov medzi vstupmi a v\u00fdstupmi obidvoch odvetv\u00ed. Predpokladan\u00e9 v\u00fdsledky predlo\u017een\u00e9ho projektu umo\u017enia formul\u00e1ciu efekt\u00edvnych adapta\u010dn\u00fdch opatren\u00ed hospod\u00e1rskej politiky vl\u00e1dy pre podporu trvale udr\u017eate\u013en\u00e9ho rozvoja lesn\u00edctva a drev\u00e1rstva pr\u00e1ve v pr\u00edtomnosti \u0161pecifick\u00e9ho rizika ich \u010dinnosti.<\/p>\n","protected":false},"excerpt":{"rendered":"<p>Prebiehaj\u00faca klimatick\u00e1 zmena ovplyv\u0148uje v\u0161etky hospod\u00e1rske procesy v lesn\u00edctve a z\u00e1rove\u0148 aj v priemysle spracovania dreva ktor\u00fd je na v\u00fdstupoch lesn\u00edctva priamo z\u00e1visl\u00fd. Predlo\u017een\u00fd projekt sa zameriava na v\u00fdskum aktu\u00e1lnych ekonomick\u00fdch probl\u00e9mov spojen\u00fdch so zvy\u0161uj\u00facim sa \u0161pecifick\u00fdm rizikom v\u00fdskytu ni\u010div\u00fdch pr\u00edrodn\u00fdch \u017eivlov a ich dopadu na lesn\u00edctvo a drev\u00e1rstvo Slovenska. Zvl\u00e1dnutie rast\u00faceho \u0161pecifick\u00e9ho rizika hospod\u00e1renia&#8230;<\/p>\n","protected":false},"author":1,"featured_media":0,"parent":0,"menu_order":0,"comment_status":"closed","ping_status":"closed","template":"","meta":{"footnotes":""},"class_list":["post-9","page","type-page","status-publish","hentry"],"_links":{"self":[{"href":"https:\/\/climariskfor.tuzvo.sk\/index.php\/wp-json\/wp\/v2\/pages\/9","targetHints":{"allow":["GET"]}}],"collection":[{"href":"https:\/\/climariskfor.tuzvo.sk\/index.php\/wp-json\/wp\/v2\/pages"}],"about":[{"href":"https:\/\/climariskfor.tuzvo.sk\/index.php\/wp-json\/wp\/v2\/types\/page"}],"author":[{"embeddable":true,"href":"https:\/\/climariskfor.tuzvo.sk\/index.php\/wp-json\/wp\/v2\/users\/1"}],"replies":[{"embeddable":true,"href":"https:\/\/climariskfor.tuzvo.sk\/index.php\/wp-json\/wp\/v2\/comments?post=9"}],"version-history":[{"count":2,"href":"https:\/\/climariskfor.tuzvo.sk\/index.php\/wp-json\/wp\/v2\/pages\/9\/revisions"}],"predecessor-version":[{"id":48,"href":"https:\/\/climariskfor.tuzvo.sk\/index.php\/wp-json\/wp\/v2\/pages\/9\/revisions\/48"}],"wp:attachment":[{"href":"https:\/\/climariskfor.tuzvo.sk\/index.php\/wp-json\/wp\/v2\/media?parent=9"}],"curies":[{"name":"wp","href":"https:\/\/api.w.org\/{rel}","templated":true}]}}