{"id":14,"date":"2023-11-13T13:32:34","date_gmt":"2023-11-13T12:32:34","guid":{"rendered":"https:\/\/climariskfor.tuzvo.sk\/?page_id=14"},"modified":"2023-11-14T10:10:46","modified_gmt":"2023-11-14T09:10:46","slug":"kniznica-projektu","status":"publish","type":"page","link":"https:\/\/climariskfor.tuzvo.sk\/index.php\/kniznica-projektu\/","title":{"rendered":"Kni\u017enica"},"content":{"rendered":"\n<p><p><a href=\"https:\/\/climariskfor.tuzvo.sk\/wp-content\/uploads\/2023\/11\/Gejdos_Michajlova.pdf\" target=\"_blank\" rel=\"noopener\">Analysis of Current and Future Forest Disturbances Dynamics<\/a><br><a href=\"_wp_link_placeholder\">in Central Europe<\/a> (pdf)<\/p>\n<p><a href=\"https:\/\/climariskfor.tuzvo.sk\/wp-content\/uploads\/2023\/11\/Kanova_et_al.pdf\" target=\"_blank\" rel=\"noreferrer noopener\" data-type=\"link\" data-id=\"https:\/\/climariskfor.tuzvo.sk\/wp-content\/uploads\/2023\/11\/Kanova_et_al.pdf\">Impact of FDI in Economic Value Added: Empirical Study<br>in Terms of Renewable Natural Resources Mining within<br>Wood-processing Industry<\/a> (pdf)<\/p><\/p>\n\n\n\n<p><a href=\"https:\/\/climariskfor.tuzvo.sk\/wp-content\/uploads\/2023\/11\/Majlingova_et_al.pdf\" target=\"_blank\" rel=\"noreferrer noopener\" data-type=\"link\" data-id=\"https:\/\/climariskfor.tuzvo.sk\/wp-content\/uploads\/2023\/11\/Majlingova_et_al.pdf\">Experimental Investigation of Digital Image Analysis<br>Opportunities for Studying the Wildfire Dynamics<\/a> (pdf)<\/p>\n\n\n\n<p><p><a href=\"https:\/\/climariskfor.tuzvo.sk\/wp-content\/uploads\/2023\/11\/Trenciansky_et_al.pdf\" data-type=\"link\" data-id=\"https:\/\/climariskfor.tuzvo.sk\/wp-content\/uploads\/2023\/11\/Trenciansky_et_al.pdf\" target=\"_blank\" rel=\"noreferrer noopener\">Oce\u0148ovanie vodoochrannej ekosyst\u00e9movej slu\u017eby lesa met\u00f3dou alternat\u00edvnych n\u00e1kladov na pr\u00edklade vybran\u00fdch vod\u00e1rensk\u00fdch n\u00e1dr\u017e\u00ed Slovenska<\/a> (pdf)<\/p> <p><a href=\"https:\/\/climariskfor.tuzvo.sk\/wp-content\/uploads\/2023\/11\/Trenciansky_et_al_2.pdf\" data-type=\"link\" data-id=\"https:\/\/climariskfor.tuzvo.sk\/wp-content\/uploads\/2023\/11\/Trenciansky_et_al_2.pdf\" target=\"_blank\" rel=\"noreferrer noopener\">The Influence of the Transition to Ecological Farming on the<br>Quality of Runoff Water<\/a> (pdf)<\/p><\/p>\n\n\n\n<p>&nbsp;<\/p>\n","protected":false},"excerpt":{"rendered":"<p>Analysis of Current and Future Forest Disturbances Dynamicsin Central Europe (pdf) Impact of FDI in Economic Value Added: Empirical Studyin Terms of Renewable Natural Resources Mining withinWood-processing Industry (pdf) Experimental Investigation of Digital Image AnalysisOpportunities for Studying the Wildfire Dynamics (pdf) Oce\u0148ovanie vodoochrannej ekosyst\u00e9movej slu\u017eby lesa met\u00f3dou alternat\u00edvnych n\u00e1kladov na pr\u00edklade vybran\u00fdch vod\u00e1rensk\u00fdch n\u00e1dr\u017e\u00ed Slovenska&#8230;<\/p>\n","protected":false},"author":1,"featured_media":0,"parent":0,"menu_order":0,"comment_status":"closed","ping_status":"closed","template":"","meta":{"footnotes":""},"class_list":["post-14","page","type-page","status-publish","hentry"],"_links":{"self":[{"href":"https:\/\/climariskfor.tuzvo.sk\/index.php\/wp-json\/wp\/v2\/pages\/14","targetHints":{"allow":["GET"]}}],"collection":[{"href":"https:\/\/climariskfor.tuzvo.sk\/index.php\/wp-json\/wp\/v2\/pages"}],"about":[{"href":"https:\/\/climariskfor.tuzvo.sk\/index.php\/wp-json\/wp\/v2\/types\/page"}],"author":[{"embeddable":true,"href":"https:\/\/climariskfor.tuzvo.sk\/index.php\/wp-json\/wp\/v2\/users\/1"}],"replies":[{"embeddable":true,"href":"https:\/\/climariskfor.tuzvo.sk\/index.php\/wp-json\/wp\/v2\/comments?post=14"}],"version-history":[{"count":16,"href":"https:\/\/climariskfor.tuzvo.sk\/index.php\/wp-json\/wp\/v2\/pages\/14\/revisions"}],"predecessor-version":[{"id":49,"href":"https:\/\/climariskfor.tuzvo.sk\/index.php\/wp-json\/wp\/v2\/pages\/14\/revisions\/49"}],"wp:attachment":[{"href":"https:\/\/climariskfor.tuzvo.sk\/index.php\/wp-json\/wp\/v2\/media?parent=14"}],"curies":[{"name":"wp","href":"https:\/\/api.w.org\/{rel}","templated":true}]}}